{"id":322,"date":"2020-10-30T18:41:01","date_gmt":"2020-10-30T17:41:01","guid":{"rendered":"http:\/\/ms.kostalov.cz\/?page_id=322"},"modified":"2026-02-05T15:20:40","modified_gmt":"2026-02-05T14:20:40","slug":"dokumenty","status":"publish","type":"page","link":"https:\/\/www.ms.kostalov.cz\/?page_id=322","title":{"rendered":"Dokumenty"},"content":{"rendered":"\n<ul class=\"wp-block-list\">\n<li><a href=\"https:\/\/ms.kostalov.cz\/wp-content\/uploads\/2026\/02\/formular_zadost-lekar.pdf\">\u017d\u00e1dost o p\u0159ijet\u00ed + l\u00e9ka\u0159 (*.pdf)<\/a><\/li>\n\n\n\n<li><a href=\"https:\/\/ms.kostalov.cz\/wp-content\/uploads\/2026\/02\/Kriteria-prijimani.pdf\">Krit\u00e9ria pro p\u0159ij\u00edm\u00e1n\u00ed d\u011bt\u00ed<\/a><\/li>\n\n\n\n<li><a href=\"http:\/\/www.ms.kostalov.cz\/download\/2023\/Informace pro ob\u010dany a obchodn\u00ed partnery o GDPR LH.pdf\" data-type=\"URL\" target=\"_blank\" rel=\"noreferrer noopener\">Informace pro ob\u010dany a obchodn\u00ed partnery o GDPR<\/a><\/li>\n\n\n\n<li><a href=\"http:\/\/www.ms.kostalov.cz\/download\/2023\/04.1 Politika GDPR LH.pdf\" data-type=\"URL\" target=\"_blank\" rel=\"noreferrer noopener\">Politika ochrany osobn\u00edch \u00fadaj\u016f<\/a><\/li>\n<\/ul>\n","protected":false},"excerpt":{"rendered":"","protected":false},"author":1,"featured_media":0,"parent":0,"menu_order":0,"comment_status":"closed","ping_status":"closed","template":"","meta":{"footnotes":""},"class_list":["post-322","page","type-page","status-publish","hentry"],"_links":{"self":[{"href":"https:\/\/www.ms.kostalov.cz\/index.php?rest_route=\/wp\/v2\/pages\/322","targetHints":{"allow":["GET"]}}],"collection":[{"href":"https:\/\/www.ms.kostalov.cz\/index.php?rest_route=\/wp\/v2\/pages"}],"about":[{"href":"https:\/\/www.ms.kostalov.cz\/index.php?rest_route=\/wp\/v2\/types\/page"}],"author":[{"embeddable":true,"href":"https:\/\/www.ms.kostalov.cz\/index.php?rest_route=\/wp\/v2\/users\/1"}],"replies":[{"embeddable":true,"href":"https:\/\/www.ms.kostalov.cz\/index.php?rest_route=%2Fwp%2Fv2%2Fcomments&post=322"}],"version-history":[{"count":21,"href":"https:\/\/www.ms.kostalov.cz\/index.php?rest_route=\/wp\/v2\/pages\/322\/revisions"}],"predecessor-version":[{"id":1085,"href":"https:\/\/www.ms.kostalov.cz\/index.php?rest_route=\/wp\/v2\/pages\/322\/revisions\/1085"}],"wp:attachment":[{"href":"https:\/\/www.ms.kostalov.cz\/index.php?rest_route=%2Fwp%2Fv2%2Fmedia&parent=322"}],"curies":[{"name":"wp","href":"https:\/\/api.w.org\/{rel}","templated":true}]}}