{"id":352,"date":"2020-10-31T16:48:00","date_gmt":"2020-10-31T15:48:00","guid":{"rendered":"http:\/\/ms.kostalov.cz\/?page_id=352"},"modified":"2023-08-31T12:22:43","modified_gmt":"2023-08-31T10:22:43","slug":"prezentace-ms","status":"publish","type":"page","link":"https:\/\/www.ms.kostalov.cz\/?page_id=352","title":{"rendered":"Prezentace M\u0160"},"content":{"rendered":"\n<p class=\"has-text-align-center has-medium-font-size\"><strong>N\u011bco m\u00e1lo o n\u00e1s<\/strong><br><\/p>\n\n\n\n<p class=\"has-text-align-left\"><strong>Historie \u0161koly<\/strong><br>Mate\u0159sk\u00e1 \u0161kola Ko\u0161\u0165\u00e1lov je \u0161kola s dlouholetou histori\u00ed. Po\u010d\u00e1tky \u0161koly jsou datov\u00e1ny od roku 1946, kdy mate\u0159sk\u00e1 \u0161kola vznikla z p\u016fvodn\u00ed opatrovny, kter\u00e1 byla um\u00edst\u011bna v p\u0159\u00edzem\u00ed obecn\u00edho \u00fa\u0159adu. Tehdej\u0161\u00ed mate\u0159sk\u00e1 \u0161kola byla jednot\u0159\u00eddn\u00ed s 25 d\u011btmi, l u\u010ditelkou a l opatrovnic\u00ed. K roz\u0161\u00ed\u0159en\u00ed mate\u0159sk\u00e9 \u0161koly do\u0161lo v roce 1972, kdy se po p\u0159\u00edstavb\u011b dal\u0161\u00edch prostor rozrostla o druhou t\u0159\u00eddu a v t\u00e9 dob\u011b bylo ji\u017e zaps\u00e1no 42 d\u011bt\u00ed. V t\u00e9to podob\u011b, kdy d\u011bti maj\u00ed 2 st\u00e1l\u00e9 samostatn\u00e9 lo\u017enice, 2 t\u0159\u00eddy, herny, prostorn\u00e9 um\u00fdv\u00e1rny s WC, t\u011blocvi\u010dnu a ka\u017ed\u00e1 t\u0159\u00edda svoji samostatnou \u0161atnu byla do srpna 2011. Od z\u00e1\u0159\u00ed 2011 byla nav\u00fd\u0161ena kapacita \u0161koly na 64 d\u011bt\u00ed a z\u0159\u00edzena III.t\u0159\u00edda v prostor\u00e1ch obecn\u00edho \u00fa\u0159adu v zasedac\u00ed m\u00edstnosti, kter\u00e1 k tomuto \u00fa\u010delu byla p\u0159es pr\u00e1zdniny vybavena. Za p\u0159\u00edzniv\u00e9ho po\u010das\u00ed je vyu\u017e\u00edv\u00e1na terasa ( d\u011btmi velice obl\u00edben\u00e1) a p\u011bkn\u00e1 \u0161korn\u00ed zahrada. Sou\u010d\u00e1st\u00ed mate\u0159sk\u00e9 \u0161koly je tak\u00e9 v roce 2003 nov\u011b zrekonstruovan\u00e1 \u0161koln\u00ed kuchyn\u011b.V roce 2007 prob\u011bhly stavebn\u00ed \u00fapravy d\u011btsk\u00fdch WC a um\u00fdv\u00e1ren .<br><\/p>\n\n\n\n<p class=\"has-text-align-left\"><strong>Sou\u010dasnost \u0161koly<\/strong><br>Na\u0161e mate\u0159sk\u00e1 \u0161kola s pr\u00e1vn\u00ed subjektivitou se nach\u00e1z\u00ed uprost\u0159ed obce , v t\u011bsn\u00e9 bl\u00edzkosti M\u0160 je \u0161koln\u00ed zahrada, kter\u00e1 poskytuje bezpe\u010dn\u00e1 a n\u00e1padit\u00e1 z\u00e1kout\u00ed k d\u011btsk\u00fdm hr\u00e1m a travnat\u00e9 h\u0159i\u0161t\u011b, vyu\u017e\u00edvan\u00e9 ke sportovn\u00edm aktivit\u00e1m po cel\u00fd rok. Kr\u00e1sn\u00e1 p\u0159\u00edroda nab\u00edz\u00ed nespo\u010detn\u00e9 mno\u017estv\u00ed mo\u017enost\u00ed vych\u00e1zek do okol\u00ed. Kapacita trojt\u0159\u00eddn\u00ed mate\u0159sk\u00e9 \u0161koly je 64 d\u011bt\u00ed ,Celodenn\u00ed p\u00e9\u010di, v\u00fdchovu a vzd\u011bl\u00e1n\u00ed zaji\u0161\u0165uje 6 pedagog\u016f , 1 \u0161koln\u00ed asistent, 1 asistent pedagoga, 3 provozn\u00ed pracovnice. Sou\u010d\u00e1st\u00ed \u0161koly je \u0161koln\u00ed j\u00eddelna s vlastn\u00ed kuchyn\u00ed.<br><\/p>\n\n\n\n<p class=\"has-text-align-left\"><strong>Program \u0161koly<\/strong><br>Pracujeme se \u0160koln\u00edm vzd\u011bl\u00e1vac\u00edm programem s n\u00e1zvem \u201eHRAJEME SI OD JARA DO ZIMY , aneb<\/p>\n\n\n\n<p class=\"has-text-align-left\"> \u201eMy jsme \u0161kolka barevn\u00e1, \u0161kolka pln\u00e1 d\u011bt\u00ed&#8220;,<br>kter\u00fd je v souladu s R\u00e1mcov\u00fdm vzd\u011bl\u00e1vac\u00edm programem M\u0160MT pro p\u0159ed\u0161koln\u00ed vzd\u011bl\u00e1v\u00e1n\u00ed. Jednotliv\u00e9 t\u0159\u00eddy pracuj\u00ed podle t\u0159\u00eddn\u00edch vzd\u011bl\u00e1vac\u00edch program\u016f, kter\u00e9 jsou speci\u00e1ln\u011b zpracov\u00e1v\u00e1ny u\u010ditelkami dle v\u011bkov\u00e9ho slo\u017een\u00ed d\u011bt\u00ed a jejich schopnost\u00ed a mo\u017enost\u00ed.  <\/p>\n\n\n\n<p class=\"has-medium-font-size\">&#8222;Je \u00fa\u017easn\u00e9, co d\u011bti dok\u00e1\u017e\u00ed, kdy\u017e jim k tomu d\u00e1me p\u0159\u00edle\u017eitost.&#8220; \/Linda Dobson\/<\/p>\n\n\n\n<p class=\"has-small-font-size\"><\/p>\n\n\n\n<p><strong>O co usilujeme<\/strong><br>Vytvo\u0159it \u0161kolu s hlub\u0161\u00edm individu\u00e1ln\u00edm p\u0159\u00edstupem ke ka\u017ed\u00e9mu d\u00edt\u011bti, \u0161kolu rodinn\u00e9ho typu, kam rodi\u010de sv\u011b\u0159uj\u00ed sv\u00e9 d\u011bti s pocitem bezpe\u010d\u00ed a jistoty, \u017ee \u0107as, kter\u00fd tr\u00e1v\u00ed ve \u0161kole, je vypln\u011bn \u00fa\u010deln\u011b a smyslupln\u00fdmi aktivitami, kter\u00e9 jsou pro d\u011bti p\u0159\u00edjemn\u00e9.<br>Z\u00e1rove\u0148 chceme v d\u011btech probudit aktivn\u00ed z\u00e1jem o pozn\u00e1v\u00e1n\u00ed a objevov\u00e1n\u00ed a sou\u010dasn\u011b podpo\u0159it touhu a odvahu d\u00edt\u011bte p\u0159edv\u00e9st, co v\u0161echno um\u00ed a dok\u00e1\u017ee zvl\u00e1dnout. Aby se d\u00edt\u011b mohlo zdrav\u011b rozv\u00edjet a u\u010dit, mus\u00ed se c\u00edtit spokojen\u011b a v bezpe\u010d\u00ed.<\/p>\n\n\n\n<p>Sna\u017e\u00edme se jednat s rodi\u010di jako s partnery, kde jsou vztahy zalo\u017een\u00e9 na oboustrann\u00e9 d\u016fv\u011b\u0159e. Jedin\u011b dobr\u00e9 vztahy mezi u\u010diteli a rodi\u010di p\u0159isp\u00edvaj\u00ed ke spokojen\u00e9mu pobytu d\u00edt\u011bte v mate\u0159sk\u00e9 \u0161kole.<br>Vzd\u011bl\u00e1n\u00ed d\u011bt\u00ed je zaji\u0161t\u011bno kvalifikovan\u00fdmi u\u010ditelkami s p\u011bkn\u00fdm vztahem k d\u011btem.<br><\/p>\n\n\n\n<p><strong>Partnersk\u00e1 spolupr\u00e1ce<\/strong><br>Vz\u00e1jemn\u00fdmi, zejm\u00e9na osobn\u00edmi kontakty podporujeme a upev\u0148ujeme kontakty se z\u00e1kladn\u00ed \u0161kolou a ostatn\u00edmi partnery:<br>&#8211; s rodi\u010di d\u011bt\u00ed<br>&#8211; spr\u00e1vn\u00edmi \u0159\u00edd\u00edc\u00edmi org\u00e1ny<br>&#8211; vzd\u011bl\u00e1vac\u00edmi institucemi<br>&#8211; ve\u0159ejnost\u00ed<br>&#8211; s org\u00e1ny m\u00edstn\u00ed samospr\u00e1vy<br>&#8211; spole\u010densk\u00fdmi organizacemi obce<br>&#8211; z\u0159izovatelem<br>&#8211; s odborn\u00edky (SPC, PPP)<br>Zapojili jsme se do podpory vzd\u011bl\u00e1v\u00e1n\u00ed z ESF \u2013 <strong>opera\u010dn\u00ed program<\/strong><br><\/p>\n\n\n\n<p><strong>V\u00fdzkum, v\u00fdvoj a vzd\u011bl\u00e1v\u00e1n\u00ed<\/strong><br><strong>Projekt \u0160ablony I PODPORA VZD\u011aL\u00c1V\u00c1N\u00cd V M\u0160 KO\u0160\u0164\u00c1LOV<\/strong><br><\/p>\n\n\n\n<div data-wp-interactive=\"core\/file\" class=\"wp-block-file\"><object data-wp-bind--hidden=\"!state.hasPdfPreview\" hidden class=\"wp-block-file__embed\" data=\"https:\/\/ms.kostalov.cz\/wp-content\/uploads\/2023\/08\/A3-plakat-publicita-MS-Kostalov.pdf\" type=\"application\/pdf\" style=\"width:100%;height:600px\" aria-label=\"Vlo\u017eit z A3-plakat-publicita-MS-Kostalov.\"><\/object><a id=\"wp-block-file--media-4d6ce19c-64c5-42d6-8737-c5f2a8e6535a\" href=\"https:\/\/ms.kostalov.cz\/wp-content\/uploads\/2023\/08\/A3-plakat-publicita-MS-Kostalov.pdf\">A3-plakat-publicita-MS-Kostalov<\/a><a href=\"https:\/\/ms.kostalov.cz\/wp-content\/uploads\/2023\/08\/A3-plakat-publicita-MS-Kostalov.pdf\" class=\"wp-block-file__button wp-element-button\" download aria-describedby=\"wp-block-file--media-4d6ce19c-64c5-42d6-8737-c5f2a8e6535a\">St\u00e1hnout<\/a><\/div>\n","protected":false},"excerpt":{"rendered":"<p>N\u011bco m\u00e1lo o n\u00e1s Historie \u0161kolyMate\u0159sk\u00e1 \u0161kola Ko\u0161\u0165\u00e1lov je \u0161kola s dlouholetou histori\u00ed. Po\u010d\u00e1tky \u0161koly jsou datov\u00e1ny od roku 1946, kdy mate\u0159sk\u00e1 \u0161kola vznikla z p\u016fvodn\u00ed opatrovny, kter\u00e1 byla um\u00edst\u011bna v p\u0159\u00edzem\u00ed obecn\u00edho \u00fa\u0159adu. Tehdej\u0161\u00ed mate\u0159sk\u00e1 \u0161kola byla jednot\u0159\u00eddn\u00ed s [&hellip;]<\/p>\n","protected":false},"author":1,"featured_media":0,"parent":0,"menu_order":0,"comment_status":"closed","ping_status":"closed","template":"","meta":{"footnotes":""},"class_list":["post-352","page","type-page","status-publish","hentry"],"_links":{"self":[{"href":"https:\/\/www.ms.kostalov.cz\/index.php?rest_route=\/wp\/v2\/pages\/352","targetHints":{"allow":["GET"]}}],"collection":[{"href":"https:\/\/www.ms.kostalov.cz\/index.php?rest_route=\/wp\/v2\/pages"}],"about":[{"href":"https:\/\/www.ms.kostalov.cz\/index.php?rest_route=\/wp\/v2\/types\/page"}],"author":[{"embeddable":true,"href":"https:\/\/www.ms.kostalov.cz\/index.php?rest_route=\/wp\/v2\/users\/1"}],"replies":[{"embeddable":true,"href":"https:\/\/www.ms.kostalov.cz\/index.php?rest_route=%2Fwp%2Fv2%2Fcomments&post=352"}],"version-history":[{"count":5,"href":"https:\/\/www.ms.kostalov.cz\/index.php?rest_route=\/wp\/v2\/pages\/352\/revisions"}],"predecessor-version":[{"id":841,"href":"https:\/\/www.ms.kostalov.cz\/index.php?rest_route=\/wp\/v2\/pages\/352\/revisions\/841"}],"wp:attachment":[{"href":"https:\/\/www.ms.kostalov.cz\/index.php?rest_route=%2Fwp%2Fv2%2Fmedia&parent=352"}],"curies":[{"name":"wp","href":"https:\/\/api.w.org\/{rel}","templated":true}]}}